{"id":1652,"date":"2025-03-25T16:58:36","date_gmt":"2025-03-25T16:58:36","guid":{"rendered":"https:\/\/bmpartners.com.br\/privacy-policies\/"},"modified":"2025-10-28T17:22:19","modified_gmt":"2025-10-28T17:22:19","slug":"privacy-policies","status":"publish","type":"page","link":"https:\/\/bmpartners.com.br\/en\/privacy-policies\/","title":{"rendered":"Privacy Policies"},"content":{"rendered":"\t\t<div data-elementor-type=\"wp-page\" data-elementor-id=\"1652\" class=\"elementor elementor-1652 elementor-373\" data-elementor-post-type=\"page\">\n\t\t\t\t\t\t<section class=\"elementor-section elementor-top-section elementor-element elementor-element-47ee11cc elementor-section-height-min-height elementor-section-boxed elementor-section-height-default elementor-section-items-middle\" data-id=\"47ee11cc\" data-element_type=\"section\" data-e-type=\"section\" data-settings=\"{&quot;background_background&quot;:&quot;classic&quot;}\">\n\t\t\t\t\t\t\t<div class=\"elementor-background-overlay\"><\/div>\n\t\t\t\t\t\t\t<div class=\"elementor-container elementor-column-gap-no\">\n\t\t\t\t\t<div class=\"elementor-column elementor-col-100 elementor-top-column elementor-element elementor-element-68e84968\" data-id=\"68e84968\" data-element_type=\"column\" data-e-type=\"column\" data-settings=\"{&quot;background_background&quot;:&quot;classic&quot;}\">\n\t\t\t<div class=\"elementor-widget-wrap elementor-element-populated\">\n\t\t\t\t\t\t<div class=\"elementor-element elementor-element-72a05d74 elementor-widget elementor-widget-heading\" data-id=\"72a05d74\" data-element_type=\"widget\" data-e-type=\"widget\" data-widget_type=\"heading.default\">\n\t\t\t\t<div class=\"elementor-widget-container\">\n\t\t\t\t\t<h1 class=\"elementor-heading-title elementor-size-default\">Privacy Policies<\/h1>\t\t\t\t<\/div>\n\t\t\t\t<\/div>\n\t\t\t\t\t<\/div>\n\t\t<\/div>\n\t\t\t\t\t<\/div>\n\t\t<\/section>\n\t\t\t\t<section class=\"elementor-section elementor-top-section elementor-element elementor-element-6521e8ad elementor-section-boxed elementor-section-height-default elementor-section-height-default\" data-id=\"6521e8ad\" data-element_type=\"section\" data-e-type=\"section\">\n\t\t\t\t\t\t\t<div class=\"elementor-background-overlay\"><\/div>\n\t\t\t\t\t\t\t<div class=\"elementor-container elementor-column-gap-no\">\n\t\t\t\t\t<div class=\"elementor-column elementor-col-50 elementor-top-column elementor-element elementor-element-7afe374f\" data-id=\"7afe374f\" data-element_type=\"column\" data-e-type=\"column\">\n\t\t\t<div class=\"elementor-widget-wrap elementor-element-populated\">\n\t\t\t\t\t\t<div class=\"elementor-element elementor-element-1937e325 elementor-widget elementor-widget-text-editor\" data-id=\"1937e325\" data-element_type=\"widget\" data-e-type=\"widget\" data-widget_type=\"text-editor.default\">\n\t\t\t\t<div class=\"elementor-widget-container\">\n\t\t\t\t\t\t\t\t\tYour privacy is important to us. It is BM Partners&#8217; policy to respect your privacy regarding any information we may collect from you on the website <a href=\"https:\/\/bmpartners.com.br\/en\/\">BM Partners<\/a>, and other websites we own and operate.\n\nWe only ask for personal information when we truly need it to provide a service to you. We do so by fair and lawful means, with your knowledge and consent. We also let you know why we\u2019re collecting it and how it will be used.\n\nWe only retain collected information for as long as necessary to provide you with your requested service. What data we store, we\u2019ll protect within commercially acceptable means to prevent loss and theft, as well as unauthorized access, disclosure, copying, use or modification.\n\nWe do not share personally identifiable information publicly or with third-parties, except when required to by law.\n\nOur website may contain links to external websites that are not operated by us. Please be aware that we have no control over the content and practices of these sites and cannot accept responsibility for their respective privacy policies.\n\nYou are free to refuse our request for your personal information, with the understanding that we may be unable to provide you with some of your desired services. \n\nYour continued use of our website will be regarded as acceptance of our practices around privacy and personal information. If you have any questions about how we handle user data and personal information, please contact us. \n<ul>\n \t<li> The Google AdSense service we use to serve advertising uses a DoubleClick cookie to serve more relevant ads across the web and limit the number of times that a given ad is shown to you. <\/li>\n \t<li> For more information about Google AdSense, see the official Google AdSense Privacy FAQs. <\/li>\n \t<li> We use advertising to offset the costs of running this site and provide funding for future development. Os cookies de publicidade comportamental usados \u200b\u200bpor este site foram projetados para garantir que voc\u00ea forne\u00e7a os an\u00fancios mais relevantes sempre que poss\u00edvel, rastreando anonimamente seus interesses e apresentando coisas semelhantes que possam ser do seu interesse. <\/li>\n \t<li> Several partners advertise on our behalf, and affiliate tracking cookies simply allow us to see if our customers have come to the site through one of our partner sites so that we can credit them appropriately and, where applicable, allow our affiliate partners to provide any incentive they may provide you for making a purchase. <\/li>\n<\/ul>\n<h3> User Commitment <\/h3>\n<span style=\"color: #444444;\">The user undertakes to make appropriate use of the content and information that BM Partners offers on the website and, by way of example but not limited to:<\/span>\n<ul>\n \t<li> A) Not to engage in activities that are illegal or contrary to good faith and public order;<\/span><\/li>\n \t<li> B) Do not disseminate propaganda or content of a racist, xenophobic or unlucky nature, any type of illegal pornography, in support of terrorism or against human rights;<\/span><\/li>\n \t<li> C) Not to cause damage to the physical (hardware) and logical (software) systems of BM Partners, its suppliers or third parties, to introduce or disseminate computer viruses or any other hardware or software systems that are capable of causing the aforementioned damage. <\/li>\n<\/ul>\n<h3> More information<\/span><\/h3>\n Hopefully that has clarified things for you and as was previously mentioned if there is something that you aren&#8217;t sure whether you need or not it&#8217;s usually safer to leave cookies enabled in case it does interact with one of the features you use on our site. \n This policy is effective as of March 25, 2025. \t\t\t\t\t\t\t\t<\/div>\n\t\t\t\t<\/div>\n\t\t\t\t<section class=\"elementor-section elementor-inner-section elementor-element elementor-element-f4e9204 elementor-section-boxed elementor-section-height-default elementor-section-height-default\" data-id=\"f4e9204\" data-element_type=\"section\" data-e-type=\"section\" data-settings=\"{&quot;background_background&quot;:&quot;classic&quot;}\">\n\t\t\t\t\t\t<div class=\"elementor-container elementor-column-gap-no\">\n\t\t\t\t\t<div class=\"elementor-column elementor-col-100 elementor-inner-column elementor-element elementor-element-8594b26\" data-id=\"8594b26\" data-element_type=\"column\" data-e-type=\"column\">\n\t\t\t<div class=\"elementor-widget-wrap\">\n\t\t\t\t\t\t\t<\/div>\n\t\t<\/div>\n\t\t\t\t\t<\/div>\n\t\t<\/section>\n\t\t\t\t\t<\/div>\n\t\t<\/div>\n\t\t\t\t<div class=\"elementor-column elementor-col-50 elementor-top-column elementor-element elementor-element-1d732be7\" data-id=\"1d732be7\" data-element_type=\"column\" data-e-type=\"column\">\n\t\t\t<div class=\"elementor-widget-wrap\">\n\t\t\t\t\t\t\t<\/div>\n\t\t<\/div>\n\t\t\t\t\t<\/div>\n\t\t<\/section>\n\t\t\t\t<\/div>\n\t\t","protected":false},"excerpt":{"rendered":"<p>Privacy Policies Your privacy is important to us. It is BM Partners&#8217; policy to respect your privacy regarding any information we may collect from you on the website BM Partners, and other websites we own and operate. We only ask for personal information when we truly need it to provide a service to you. We [&hellip;]<\/p>\n","protected":false},"author":1,"featured_media":0,"parent":0,"menu_order":0,"comment_status":"closed","ping_status":"closed","template":"","meta":{"_joinchat":[],"footnotes":""},"class_list":["post-1652","page","type-page","status-publish","hentry"],"yoast_head":"<!-- This site is optimized with the Yoast SEO plugin v27.4 - https:\/\/yoast.com\/product\/yoast-seo-wordpress\/ -->\n<title>Privacy Policies - BM Partners<\/title>\n<meta name=\"robots\" content=\"index, follow, max-snippet:-1, max-image-preview:large, max-video-preview:-1\" \/>\n<link rel=\"canonical\" href=\"https:\/\/bmpartners.com.br\/en\/privacy-policies\/\" \/>\n<meta property=\"og:locale\" content=\"en_US\" \/>\n<meta property=\"og:type\" content=\"article\" \/>\n<meta property=\"og:title\" content=\"Privacy Policies - BM Partners\" \/>\n<meta property=\"og:description\" content=\"Privacy Policies Your privacy is important to us. It is BM Partners&#8217; policy to respect your privacy regarding any information we may collect from you on the website BM Partners, and other websites we own and operate. We only ask for personal information when we truly need it to provide a service to you. We [&hellip;]\" \/>\n<meta property=\"og:url\" content=\"https:\/\/bmpartners.com.br\/en\/privacy-policies\/\" \/>\n<meta property=\"og:site_name\" content=\"BM Partners\" \/>\n<meta property=\"article:modified_time\" content=\"2025-10-28T17:22:19+00:00\" \/>\n<meta name=\"twitter:card\" content=\"summary_large_image\" \/>\n<meta name=\"twitter:label1\" content=\"Est. reading time\" \/>\n\t<meta name=\"twitter:data1\" content=\"3 minutes\" \/>\n<script type=\"application\/ld+json\" class=\"yoast-schema-graph\">{\"@context\":\"https:\\\/\\\/schema.org\",\"@graph\":[{\"@type\":\"WebPage\",\"@id\":\"https:\\\/\\\/bmpartners.com.br\\\/en\\\/privacy-policies\\\/\",\"url\":\"https:\\\/\\\/bmpartners.com.br\\\/en\\\/privacy-policies\\\/\",\"name\":\"Privacy Policies - BM Partners\",\"isPartOf\":{\"@id\":\"https:\\\/\\\/bmpartners.com.br\\\/en\\\/#website\"},\"datePublished\":\"2025-03-25T16:58:36+00:00\",\"dateModified\":\"2025-10-28T17:22:19+00:00\",\"breadcrumb\":{\"@id\":\"https:\\\/\\\/bmpartners.com.br\\\/en\\\/privacy-policies\\\/#breadcrumb\"},\"inLanguage\":\"en-US\",\"potentialAction\":[{\"@type\":\"ReadAction\",\"target\":[\"https:\\\/\\\/bmpartners.com.br\\\/en\\\/privacy-policies\\\/\"]}]},{\"@type\":\"BreadcrumbList\",\"@id\":\"https:\\\/\\\/bmpartners.com.br\\\/en\\\/privacy-policies\\\/#breadcrumb\",\"itemListElement\":[{\"@type\":\"ListItem\",\"position\":1,\"name\":\"In\u00edcio\",\"item\":\"https:\\\/\\\/bmpartners.com.br\\\/en\\\/\"},{\"@type\":\"ListItem\",\"position\":2,\"name\":\"Privacy Policies\"}]},{\"@type\":\"WebSite\",\"@id\":\"https:\\\/\\\/bmpartners.com.br\\\/en\\\/#website\",\"url\":\"https:\\\/\\\/bmpartners.com.br\\\/en\\\/\",\"name\":\"BM Partners\",\"description\":\"Assessoria independente\",\"publisher\":{\"@id\":\"https:\\\/\\\/bmpartners.com.br\\\/en\\\/#organization\"},\"potentialAction\":[{\"@type\":\"SearchAction\",\"target\":{\"@type\":\"EntryPoint\",\"urlTemplate\":\"https:\\\/\\\/bmpartners.com.br\\\/en\\\/?s={search_term_string}\"},\"query-input\":{\"@type\":\"PropertyValueSpecification\",\"valueRequired\":true,\"valueName\":\"search_term_string\"}}],\"inLanguage\":\"en-US\"},{\"@type\":\"Organization\",\"@id\":\"https:\\\/\\\/bmpartners.com.br\\\/en\\\/#organization\",\"name\":\"BM Partners\",\"url\":\"https:\\\/\\\/bmpartners.com.br\\\/en\\\/\",\"logo\":{\"@type\":\"ImageObject\",\"inLanguage\":\"en-US\",\"@id\":\"https:\\\/\\\/bmpartners.com.br\\\/en\\\/#\\\/schema\\\/logo\\\/image\\\/\",\"url\":\"https:\\\/\\\/bmpartners.com.br\\\/wp-content\\\/uploads\\\/2025\\\/03\\\/bm-logo-cima.png\",\"contentUrl\":\"https:\\\/\\\/bmpartners.com.br\\\/wp-content\\\/uploads\\\/2025\\\/03\\\/bm-logo-cima.png\",\"width\":310,\"height\":168,\"caption\":\"BM Partners\"},\"image\":{\"@id\":\"https:\\\/\\\/bmpartners.com.br\\\/en\\\/#\\\/schema\\\/logo\\\/image\\\/\"}}]}<\/script>\n<!-- \/ Yoast SEO plugin. -->","yoast_head_json":{"title":"Privacy Policies - BM Partners","robots":{"index":"index","follow":"follow","max-snippet":"max-snippet:-1","max-image-preview":"max-image-preview:large","max-video-preview":"max-video-preview:-1"},"canonical":"https:\/\/bmpartners.com.br\/en\/privacy-policies\/","og_locale":"en_US","og_type":"article","og_title":"Privacy Policies - BM Partners","og_description":"Privacy Policies Your privacy is important to us. It is BM Partners&#8217; policy to respect your privacy regarding any information we may collect from you on the website BM Partners, and other websites we own and operate. We only ask for personal information when we truly need it to provide a service to you. We [&hellip;]","og_url":"https:\/\/bmpartners.com.br\/en\/privacy-policies\/","og_site_name":"BM Partners","article_modified_time":"2025-10-28T17:22:19+00:00","twitter_card":"summary_large_image","twitter_misc":{"Est. reading time":"3 minutes"},"schema":{"@context":"https:\/\/schema.org","@graph":[{"@type":"WebPage","@id":"https:\/\/bmpartners.com.br\/en\/privacy-policies\/","url":"https:\/\/bmpartners.com.br\/en\/privacy-policies\/","name":"Privacy Policies - BM Partners","isPartOf":{"@id":"https:\/\/bmpartners.com.br\/en\/#website"},"datePublished":"2025-03-25T16:58:36+00:00","dateModified":"2025-10-28T17:22:19+00:00","breadcrumb":{"@id":"https:\/\/bmpartners.com.br\/en\/privacy-policies\/#breadcrumb"},"inLanguage":"en-US","potentialAction":[{"@type":"ReadAction","target":["https:\/\/bmpartners.com.br\/en\/privacy-policies\/"]}]},{"@type":"BreadcrumbList","@id":"https:\/\/bmpartners.com.br\/en\/privacy-policies\/#breadcrumb","itemListElement":[{"@type":"ListItem","position":1,"name":"In\u00edcio","item":"https:\/\/bmpartners.com.br\/en\/"},{"@type":"ListItem","position":2,"name":"Privacy Policies"}]},{"@type":"WebSite","@id":"https:\/\/bmpartners.com.br\/en\/#website","url":"https:\/\/bmpartners.com.br\/en\/","name":"BM Partners","description":"Assessoria independente","publisher":{"@id":"https:\/\/bmpartners.com.br\/en\/#organization"},"potentialAction":[{"@type":"SearchAction","target":{"@type":"EntryPoint","urlTemplate":"https:\/\/bmpartners.com.br\/en\/?s={search_term_string}"},"query-input":{"@type":"PropertyValueSpecification","valueRequired":true,"valueName":"search_term_string"}}],"inLanguage":"en-US"},{"@type":"Organization","@id":"https:\/\/bmpartners.com.br\/en\/#organization","name":"BM Partners","url":"https:\/\/bmpartners.com.br\/en\/","logo":{"@type":"ImageObject","inLanguage":"en-US","@id":"https:\/\/bmpartners.com.br\/en\/#\/schema\/logo\/image\/","url":"https:\/\/bmpartners.com.br\/wp-content\/uploads\/2025\/03\/bm-logo-cima.png","contentUrl":"https:\/\/bmpartners.com.br\/wp-content\/uploads\/2025\/03\/bm-logo-cima.png","width":310,"height":168,"caption":"BM Partners"},"image":{"@id":"https:\/\/bmpartners.com.br\/en\/#\/schema\/logo\/image\/"}}]}},"_links":{"self":[{"href":"https:\/\/bmpartners.com.br\/en\/wp-json\/wp\/v2\/pages\/1652","targetHints":{"allow":["GET"]}}],"collection":[{"href":"https:\/\/bmpartners.com.br\/en\/wp-json\/wp\/v2\/pages"}],"about":[{"href":"https:\/\/bmpartners.com.br\/en\/wp-json\/wp\/v2\/types\/page"}],"author":[{"embeddable":true,"href":"https:\/\/bmpartners.com.br\/en\/wp-json\/wp\/v2\/users\/1"}],"replies":[{"embeddable":true,"href":"https:\/\/bmpartners.com.br\/en\/wp-json\/wp\/v2\/comments?post=1652"}],"version-history":[{"count":3,"href":"https:\/\/bmpartners.com.br\/en\/wp-json\/wp\/v2\/pages\/1652\/revisions"}],"predecessor-version":[{"id":1969,"href":"https:\/\/bmpartners.com.br\/en\/wp-json\/wp\/v2\/pages\/1652\/revisions\/1969"}],"wp:attachment":[{"href":"https:\/\/bmpartners.com.br\/en\/wp-json\/wp\/v2\/media?parent=1652"}],"curies":[{"name":"wp","href":"https:\/\/api.w.org\/{rel}","templated":true}]}}